{"id":515,"date":"2015-04-23T12:27:58","date_gmt":"2015-04-23T16:27:58","guid":{"rendered":"http:\/\/jadan.gob.ec\/azuay\/?page_id=515"},"modified":"2024-06-29T13:25:18","modified_gmt":"2024-06-29T18:25:18","slug":"compras-publicas","status":"publish","type":"page","link":"https:\/\/jadan.gob.ec\/azuay\/compras-publicas\/","title":{"rendered":"Compras Publicas"},"content":{"rendered":"<h1><span style=\"color: #0000ff;\">INFIMA CUANT\u00cdA<\/span><\/h1>\n<p>&nbsp;<\/p>\n<iframe src=\"\/\/docs.google.com\/viewer?url=http%3A%2F%2Fjadan.gob.ec%2Fazuay%2Fwp-content%2Fuploads%2F2015%2F04%2FREPORTE-DE-INFIMAS-CUANTIAS-DEL-A%C3%91O-2014.pdf&hl=es&embedded=true\" class=\"gde-frame\" style=\"width:100%; height:500px; border: none;\" scrolling=\"no\"><\/iframe>\n<p class=\"gde-text\"><a href=\"http:\/\/jadan.gob.ec\/azuay\/wp-content\/uploads\/2015\/04\/REPORTE-DE-INFIMAS-CUANTIAS-DEL-A\u00d1O-2014.pdf\" class=\"gde-link\">Descargar (PDF, 268KB)<\/a><\/p>\n<p>&nbsp;<\/p>\n<h1><span style=\"color: #0000ff;\">CATALOGO ELECTRONICO<\/span><\/h1>\n<p><a href=\"https:\/\/jadan.gob.ec\/azuay\/wp-content\/uploads\/2024\/06\/Catalogo-liquidada-1-2023.pdf\">Cat\u00e1logo liquidada 1-2023<\/a><\/p>\n<p><a href=\"https:\/\/jadan.gob.ec\/azuay\/wp-content\/uploads\/2024\/06\/Catalogo-liqudada-2-2023.pdf\">Cat\u00e1logo liqudada 2-2023<\/a><\/p>\n<p>&nbsp;<\/p>\n<iframe src=\"\/\/docs.google.com\/viewer?url=http%3A%2F%2Fjadan.gob.ec%2Fazuay%2Fwp-content%2Fuploads%2F2015%2F04%2FREPORTE-DE-CATALOGO-ELECTRONICO-DEL-A%C3%91O-2014.xlsx&hl=es&embedded=true\" class=\"gde-frame\" style=\"width:100%; height:500px; border: none;\" scrolling=\"no\"><\/iframe>\n<p class=\"gde-text\"><a href=\"http:\/\/jadan.gob.ec\/azuay\/wp-content\/uploads\/2015\/04\/REPORTE-DE-CATALOGO-ELECTRONICO-DEL-A\u00d1O-2014.xlsx\" class=\"gde-link\">Descargar (XLSX, 14KB)<\/a><\/p>\n<p>&nbsp;<\/p>\n<h1><span style=\"color: #0000ff;\">SUBASTA INVERSA ELECTRONICA<\/span><\/h1>\n<iframe src=\"\/\/docs.google.com\/viewer?url=http%3A%2F%2Fjadan.gob.ec%2Fazuay%2Fwp-content%2Fuploads%2F2015%2F04%2FADJUDICACION-SIE-2014.pdf&hl=es&embedded=true\" class=\"gde-frame\" style=\"width:100%; height:500px; border: none;\" scrolling=\"no\"><\/iframe>\n<p class=\"gde-text\"><a href=\"http:\/\/jadan.gob.ec\/azuay\/wp-content\/uploads\/2015\/04\/ADJUDICACION-SIE-2014.pdf\" class=\"gde-link\">Descargar (PDF, 368KB)<\/a><\/p>\n<p>&nbsp;<\/p>\n<h1><span style=\"color: #0000ff;\">CONTRATACION DIRECTA<\/span><\/h1>\n<iframe src=\"\/\/docs.google.com\/viewer?url=http%3A%2F%2Fjadan.gob.ec%2Fazuay%2Fwp-content%2Fuploads%2F2015%2F04%2FCONTRATACION-DIRECTA-2014.pdf&hl=es&embedded=true\" class=\"gde-frame\" style=\"width:100%; height:500px; border: none;\" scrolling=\"no\"><\/iframe>\n<p class=\"gde-text\"><a href=\"http:\/\/jadan.gob.ec\/azuay\/wp-content\/uploads\/2015\/04\/CONTRATACION-DIRECTA-2014.pdf\" class=\"gde-link\">Descargar (PDF, 9.96MB)<\/a><\/p>\n<p>&nbsp;<\/p>\n<h1><span style=\"color: #0000ff;\">REGIMEN ESPECIAL<br \/>\n<\/span><\/h1>\n<iframe src=\"\/\/docs.google.com\/viewer?url=http%3A%2F%2Fjadan.gob.ec%2Fazuay%2Fwp-content%2Fuploads%2F2015%2F04%2FAdjudicacion-Asfaltar-Regimen-Especial.pdf&hl=es&embedded=true\" class=\"gde-frame\" style=\"width:100%; height:500px; border: none;\" scrolling=\"no\"><\/iframe>\n<p class=\"gde-text\"><a href=\"http:\/\/jadan.gob.ec\/azuay\/wp-content\/uploads\/2015\/04\/Adjudicacion-Asfaltar-Regimen-Especial.pdf\" class=\"gde-link\">Descargar (PDF, 8.16MB)<\/a><\/p>\n<p>&nbsp;<\/p>\n","protected":false},"excerpt":{"rendered":"<p>INFIMA CUANT\u00cdA &nbsp; &nbsp; CATALOGO ELECTRONICO Cat\u00e1logo liquidada 1-2023 Cat\u00e1logo liqudada 2-2023 &nbsp; &nbsp; SUBASTA INVERSA ELECTRONICA &nbsp; CONTRATACION DIRECTA &nbsp; REGIMEN ESPECIAL &nbsp;<\/p>\n","protected":false},"author":2,"featured_media":0,"parent":0,"menu_order":0,"comment_status":"closed","ping_status":"closed","template":"","meta":{"footnotes":""},"yst_prominent_words":[58],"class_list":["post-515","page","type-page","status-publish","hentry"],"_links":{"self":[{"href":"https:\/\/jadan.gob.ec\/azuay\/wp-json\/wp\/v2\/pages\/515","targetHints":{"allow":["GET"]}}],"collection":[{"href":"https:\/\/jadan.gob.ec\/azuay\/wp-json\/wp\/v2\/pages"}],"about":[{"href":"https:\/\/jadan.gob.ec\/azuay\/wp-json\/wp\/v2\/types\/page"}],"author":[{"embeddable":true,"href":"https:\/\/jadan.gob.ec\/azuay\/wp-json\/wp\/v2\/users\/2"}],"replies":[{"embeddable":true,"href":"https:\/\/jadan.gob.ec\/azuay\/wp-json\/wp\/v2\/comments?post=515"}],"version-history":[{"count":9,"href":"https:\/\/jadan.gob.ec\/azuay\/wp-json\/wp\/v2\/pages\/515\/revisions"}],"predecessor-version":[{"id":152115,"href":"https:\/\/jadan.gob.ec\/azuay\/wp-json\/wp\/v2\/pages\/515\/revisions\/152115"}],"wp:attachment":[{"href":"https:\/\/jadan.gob.ec\/azuay\/wp-json\/wp\/v2\/media?parent=515"}],"wp:term":[{"taxonomy":"yst_prominent_words","embeddable":true,"href":"https:\/\/jadan.gob.ec\/azuay\/wp-json\/wp\/v2\/yst_prominent_words?post=515"}],"curies":[{"name":"wp","href":"https:\/\/api.w.org\/{rel}","templated":true}]}}