{"id":3263,"date":"2023-01-02T13:39:41","date_gmt":"2023-01-02T18:39:41","guid":{"rendered":"https:\/\/jadan.gob.ec\/azuay\/?page_id=3263"},"modified":"2024-05-22T15:28:56","modified_gmt":"2024-05-22T20:28:56","slug":"rendicion-de-cuentas-2023","status":"publish","type":"page","link":"https:\/\/jadan.gob.ec\/azuay\/rendicion-de-cuentas-2023\/","title":{"rendered":"Rendici\u00f3n de Cuentas 2023"},"content":{"rendered":"<p><strong><span style=\"color: #ff00ff;\">RENDICI\u00d3N DE CUENTAS A\u00d1O 2023<\/span><\/strong><\/p>\n<p><a href=\"https:\/\/jadan.gob.ec\/azuay\/wp-content\/uploads\/2024\/05\/INFORME-RC-2023.pdf\">INFORME RC 2023<\/a><\/p>\n<p>&nbsp;<\/p>\n<p>&nbsp;<\/p>\n<p>&nbsp;<\/p>\n<p>&nbsp;<\/p>\n<p>&nbsp;<\/p>\n<p>&nbsp;<\/p>\n<p>&nbsp;<\/p>\n<p><strong><span style=\"color: #ff00ff;\">RENDICI\u00d3NDE CUENTAS A\u00d1O 2022<\/span><\/strong><\/p>\n<p>&nbsp;<\/p>\n<p><a href=\"https:\/\/jadan.gob.ec\/azuay\/wp-content\/uploads\/2023\/05\/ACTA-RENDICION-DE-CUENTAS-2022.pdf\">ACTA RENDICION DE CUENTAS 2022<\/a><\/p>\n<p><a href=\"https:\/\/jadan.gob.ec\/azuay\/wp-content\/uploads\/2023\/05\/ASAMBLEA-PARROQUIAL-30-04-2022954.pdf\">ASAMBLEA PARROQUIAL 30-04-2022954<\/a><\/p>\n<p><a href=\"https:\/\/jadan.gob.ec\/azuay\/wp-content\/uploads\/2023\/05\/CEDULA-DE-GASTOS-EQUIPAMIENTO-COMUNITARIO.pdf\">CEDULA DE GASTOS EQUIPAMIENTO COMUNITARIO<\/a><\/p>\n<p><a href=\"https:\/\/jadan.gob.ec\/azuay\/wp-content\/uploads\/2023\/05\/CEDULA-DE-GASTOS-PROGRAMA-PIGAP.pdf\">CEDULA DE GASTOS PROGRAMA PIGAP<\/a><\/p>\n<p><a href=\"https:\/\/jadan.gob.ec\/azuay\/wp-content\/uploads\/2023\/05\/CEDULA-DE-GASTOS.pdf\">CEDULA DE GASTOS<\/a><\/p>\n<p><a href=\"https:\/\/jadan.gob.ec\/azuay\/wp-content\/uploads\/2023\/05\/DEFENSORIA-DEL-PUEBLO.pdf\">DEFENSORIA DEL PUEBLO<\/a><\/p>\n<p><a href=\"https:\/\/jadan.gob.ec\/azuay\/wp-content\/uploads\/2023\/05\/FORMULARIO-GAD-2022.pdf\">FORMULARIO GAD 2022<\/a><\/p>\n<p><a href=\"https:\/\/jadan.gob.ec\/azuay\/wp-content\/uploads\/2023\/05\/memorandum-021-2023-signed.pdf\">memorandum 021-2023-signed<\/a><\/p>\n<p><a href=\"https:\/\/jadan.gob.ec\/azuay\/wp-content\/uploads\/2023\/05\/NORMATIVA-REGLAMENTARIA-QUE-REGULA-LA-PARTICIPACION-CIUDADANA-EN-EL-GOBIERNO-AUTONOMO-DESCENTRALIZADO-DE-JADAN.pdf\">NORMATIVA REGLAMENTARIA QUE REGULA LA PARTICIPACI\u00d3N CIUDADANA EN EL GOBIERNO AUT\u00d3NOMO DESCENTRALIZADO DE JAD\u00c1N<\/a><\/p>\n<p><a href=\"https:\/\/jadan.gob.ec\/azuay\/wp-content\/uploads\/2023\/05\/OFICIO-RENDICION-DE-CUENTAS-2022.pdf\">OFICIO RENDICION DE CUENTAS 2022<\/a><\/p>\n<p><a href=\"https:\/\/jadan.gob.ec\/azuay\/wp-content\/uploads\/2023\/05\/OFICIO-SOLICITANDO-PREGUNTAS.pdf\">OFICIO SOLICITANDO PREGUNTAS<\/a><\/p>\n<p><a href=\"https:\/\/jadan.gob.ec\/azuay\/wp-content\/uploads\/2023\/05\/PROYECTO-DE-PRESUPUESTO-2022.pdf\">PROYECTO DE PRESUPUESTO 2022<\/a><\/p>\n<p><a href=\"https:\/\/jadan.gob.ec\/azuay\/wp-content\/uploads\/2023\/05\/RENDICION-DE-CUENTAS-2022.pdf\">RENDICION DE CUENTAS 2022<\/a><\/p>\n<p><a href=\"https:\/\/jadan.gob.ec\/azuay\/wp-content\/uploads\/2023\/05\/RESOLUCION-APROBACION-DE-INFORME.pdf\">RESOLUCION APROBACION DE INFORME<\/a><\/p>\n<p><a href=\"https:\/\/jadan.gob.ec\/azuay\/wp-content\/uploads\/2023\/05\/RESOLUCION-No.-CPCCS-PLE-SG-010-E-2023-0054-16-03-2023.pdf\">RESOLUCION-No.-CPCCS-PLE-SG-010-E-2023-0054-16-03-2023<\/a><\/p>\n","protected":false},"excerpt":{"rendered":"<p>RENDICI\u00d3N DE CUENTAS A\u00d1O 2023 INFORME RC 2023 &nbsp; &nbsp; &nbsp; &nbsp; &nbsp; &nbsp; &nbsp; RENDICI\u00d3NDE CUENTAS A\u00d1O 2022 &nbsp; ACTA RENDICION DE CUENTAS 2022 ASAMBLEA PARROQUIAL 30-04-2022954 CEDULA DE GASTOS EQUIPAMIENTO COMUNITARIO CEDULA DE GASTOS PROGRAMA PIGAP CEDULA DE GASTOS DEFENSORIA DEL PUEBLO FORMULARIO GAD 2022 memorandum 021-2023-signed NORMATIVA REGLAMENTARIA QUE REGULA LA PARTICIPACI\u00d3N [&hellip;]<\/p>\n","protected":false},"author":1,"featured_media":0,"parent":0,"menu_order":0,"comment_status":"closed","ping_status":"closed","template":"","meta":{"footnotes":""},"yst_prominent_words":[163,164],"class_list":["post-3263","page","type-page","status-publish","hentry"],"_links":{"self":[{"href":"https:\/\/jadan.gob.ec\/azuay\/wp-json\/wp\/v2\/pages\/3263","targetHints":{"allow":["GET"]}}],"collection":[{"href":"https:\/\/jadan.gob.ec\/azuay\/wp-json\/wp\/v2\/pages"}],"about":[{"href":"https:\/\/jadan.gob.ec\/azuay\/wp-json\/wp\/v2\/types\/page"}],"author":[{"embeddable":true,"href":"https:\/\/jadan.gob.ec\/azuay\/wp-json\/wp\/v2\/users\/1"}],"replies":[{"embeddable":true,"href":"https:\/\/jadan.gob.ec\/azuay\/wp-json\/wp\/v2\/comments?post=3263"}],"version-history":[{"count":5,"href":"https:\/\/jadan.gob.ec\/azuay\/wp-json\/wp\/v2\/pages\/3263\/revisions"}],"predecessor-version":[{"id":152061,"href":"https:\/\/jadan.gob.ec\/azuay\/wp-json\/wp\/v2\/pages\/3263\/revisions\/152061"}],"wp:attachment":[{"href":"https:\/\/jadan.gob.ec\/azuay\/wp-json\/wp\/v2\/media?parent=3263"}],"wp:term":[{"taxonomy":"yst_prominent_words","embeddable":true,"href":"https:\/\/jadan.gob.ec\/azuay\/wp-json\/wp\/v2\/yst_prominent_words?post=3263"}],"curies":[{"name":"wp","href":"https:\/\/api.w.org\/{rel}","templated":true}]}}