{"id":151899,"date":"2023-10-25T16:04:43","date_gmt":"2023-10-25T21:04:43","guid":{"rendered":"https:\/\/jadan.gob.ec\/azuay\/?page_id=151899"},"modified":"2024-01-30T16:56:10","modified_gmt":"2024-01-30T21:56:10","slug":"servicios","status":"publish","type":"page","link":"https:\/\/jadan.gob.ec\/azuay\/servicios\/","title":{"rendered":"Servicios"},"content":{"rendered":"<p><span style=\"color: #ff00ff;\">1.) SERVICIOS DE COBRO DE PREDIOS URBANO R\u00daSTICO<\/span><\/p>\n<p>&nbsp;<\/p>\n<p>&nbsp;<\/p>\n<p><span style=\"color: #ff00ff;\">2.) SERVICIOS DE ARRIENDO DE B\u00d3VEDAS Y NICHOS<\/span><\/p>\n<ul style=\"list-style-type: square;\">\n<li><strong><em>BOVEDAS<\/em><\/strong><\/li>\n<\/ul>\n<p><a href=\"https:\/\/jadan.gob.ec\/azuay\/wp-content\/uploads\/2024\/01\/Requisitos-para-arriendo-de-una-boveda.pdf\">Requisitos para arriendo de una b\u00f3veda<\/a><\/p>\n<p><a href=\"https:\/\/jadan.gob.ec\/azuay\/wp-content\/uploads\/2024\/01\/MODELO-DE-SOLICITUD-DE-INHUMACION.pdf\">MODELO DE SOLICITUD DE INHUMACI\u00d3N<\/a><\/p>\n<p><a href=\"https:\/\/jadan.gob.ec\/azuay\/wp-content\/uploads\/2024\/01\/Modelo-de-Contrato-boveda.pdf\">Modelo de Contrato boveda<\/a><\/p>\n<p><a href=\"https:\/\/jadan.gob.ec\/azuay\/wp-content\/uploads\/2024\/01\/Modelo-de-certificado-de-inhumacion.pdf\">Modelo de certificado de inhumacion<\/a><\/p>\n<ul style=\"list-style-type: square;\">\n<li><strong><em>NICHOS<\/em><\/strong><\/li>\n<\/ul>\n<p><a href=\"https:\/\/jadan.gob.ec\/azuay\/wp-content\/uploads\/2024\/01\/Requisitos-para-arriendo-de-un-nicho.pdf\">Requisitos para arriendo de un nicho<\/a><\/p>\n<p><a href=\"https:\/\/jadan.gob.ec\/azuay\/wp-content\/uploads\/2024\/01\/Requisitos-para-arriendo-de-un-nicho-1.pdf\">Requisitos para arriendo de un nicho<\/a> <a href=\"https:\/\/jadan.gob.ec\/azuay\/wp-content\/uploads\/2024\/01\/Modelo-de-solicitud-traslado-restos-mortales.pdf\">Modelo de solicitud traslado restos mortales<\/a><\/p>\n<p><a href=\"https:\/\/jadan.gob.ec\/azuay\/wp-content\/uploads\/2024\/01\/Modelo-contrato-de-nicho.pdf\">Modelo contrato de nicho<\/a><\/p>\n<p>&nbsp;<\/p>\n<p><span style=\"color: #ff00ff;\">4.) SERVICIOS DE OCUPACI\u00d3N TEMPORAL DE ESPACIOS P\u00daBLICOS<\/span><\/p>\n<ul style=\"list-style-type: square;\">\n<li><em><strong>FERIA DE MI PUEBLO<\/strong><\/em><\/li>\n<\/ul>\n<p><a href=\"https:\/\/jadan.gob.ec\/azuay\/wp-content\/uploads\/2024\/01\/Modelo-de-solicitud-de-puesto.pdf\">Modelo de solicitud de puesto<\/a><\/p>\n<p><a href=\"https:\/\/jadan.gob.ec\/azuay\/wp-content\/uploads\/2024\/01\/FICHA-DE-INSCRIPCION.pdf\">FICHA DE INSCRIPCI\u00d3N<\/a><\/p>\n<p>&nbsp;<\/p>\n<ul style=\"list-style-type: square;\">\n<li><em><strong>ESPACIOS COMUNITARIOS<\/strong><\/em><\/li>\n<\/ul>\n<p><a href=\"https:\/\/jadan.gob.ec\/azuay\/wp-content\/uploads\/2024\/01\/Modelo-autorizacion-uso-espacio-publico.pdf\">Modelo autorizacion uso espacio publico<\/a><\/p>\n","protected":false},"excerpt":{"rendered":"<p>1.) SERVICIOS DE COBRO DE PREDIOS URBANO R\u00daSTICO &nbsp; &nbsp; 2.) SERVICIOS DE ARRIENDO DE B\u00d3VEDAS Y NICHOS BOVEDAS Requisitos para arriendo de una b\u00f3veda MODELO DE SOLICITUD DE INHUMACI\u00d3N Modelo de Contrato boveda Modelo de certificado de inhumacion NICHOS Requisitos para arriendo de un nicho Requisitos para arriendo de un nicho Modelo de solicitud [&hellip;]<\/p>\n","protected":false},"author":1,"featured_media":0,"parent":0,"menu_order":0,"comment_status":"closed","ping_status":"closed","template":"","meta":{"footnotes":""},"yst_prominent_words":[],"class_list":["post-151899","page","type-page","status-publish","hentry"],"_links":{"self":[{"href":"https:\/\/jadan.gob.ec\/azuay\/wp-json\/wp\/v2\/pages\/151899","targetHints":{"allow":["GET"]}}],"collection":[{"href":"https:\/\/jadan.gob.ec\/azuay\/wp-json\/wp\/v2\/pages"}],"about":[{"href":"https:\/\/jadan.gob.ec\/azuay\/wp-json\/wp\/v2\/types\/page"}],"author":[{"embeddable":true,"href":"https:\/\/jadan.gob.ec\/azuay\/wp-json\/wp\/v2\/users\/1"}],"replies":[{"embeddable":true,"href":"https:\/\/jadan.gob.ec\/azuay\/wp-json\/wp\/v2\/comments?post=151899"}],"version-history":[{"count":4,"href":"https:\/\/jadan.gob.ec\/azuay\/wp-json\/wp\/v2\/pages\/151899\/revisions"}],"predecessor-version":[{"id":151956,"href":"https:\/\/jadan.gob.ec\/azuay\/wp-json\/wp\/v2\/pages\/151899\/revisions\/151956"}],"wp:attachment":[{"href":"https:\/\/jadan.gob.ec\/azuay\/wp-json\/wp\/v2\/media?parent=151899"}],"wp:term":[{"taxonomy":"yst_prominent_words","embeddable":true,"href":"https:\/\/jadan.gob.ec\/azuay\/wp-json\/wp\/v2\/yst_prominent_words?post=151899"}],"curies":[{"name":"wp","href":"https:\/\/api.w.org\/{rel}","templated":true}]}}