{"id":151860,"date":"2023-10-12T08:01:33","date_gmt":"2023-10-12T13:01:33","guid":{"rendered":"https:\/\/jadan.gob.ec\/azuay\/?page_id=151860"},"modified":"2023-10-12T08:08:08","modified_gmt":"2023-10-12T13:08:08","slug":"noticias","status":"publish","type":"page","link":"https:\/\/jadan.gob.ec\/azuay\/noticias\/","title":{"rendered":"Noticias"},"content":{"rendered":"\t\t<div data-elementor-type=\"wp-page\" data-elementor-id=\"151860\" class=\"elementor elementor-151860\" data-elementor-settings=\"[]\">\n\t\t\t<div class=\"elementor-inner\">\n\t\t\t\t<div class=\"elementor-section-wrap\">\n\t\t\t\t\t\t\t<section class=\"elementor-element elementor-element-744db4c elementor-section-boxed elementor-section-height-default elementor-section-height-default elementor-section elementor-top-section\" data-id=\"744db4c\" data-element_type=\"section\">\n\t\t\t\t\t\t<div class=\"elementor-container elementor-column-gap-default\">\n\t\t\t\t<div class=\"elementor-row\">\n\t\t\t\t<div class=\"elementor-element elementor-element-0ff5710 elementor-column elementor-col-100 elementor-top-column\" data-id=\"0ff5710\" data-element_type=\"column\">\n\t\t\t<div class=\"elementor-column-wrap  elementor-element-populated\">\n\t\t\t\t\t<div class=\"elementor-widget-wrap\">\n\t\t\t\t<div class=\"elementor-element elementor-element-4b06bc6 elementor-grid-3 elementor-grid-tablet-2 elementor-grid-mobile-1 elementor-posts--thumbnail-top elementor-card-shadow-yes elementor-posts__hover-gradient elementor-widget elementor-widget-posts\" data-id=\"4b06bc6\" data-element_type=\"widget\" data-settings=\"{&quot;cards_columns&quot;:&quot;3&quot;,&quot;cards_columns_tablet&quot;:&quot;2&quot;,&quot;cards_columns_mobile&quot;:&quot;1&quot;,&quot;cards_row_gap&quot;:{&quot;unit&quot;:&quot;px&quot;,&quot;size&quot;:35,&quot;sizes&quot;:[]}}\" data-widget_type=\"posts.cards\">\n\t\t\t\t<div class=\"elementor-widget-container\">\n\t\t\t\t\t<div class=\"elementor-posts-container elementor-posts elementor-posts--skin-cards elementor-grid\">\n\t\t\t\t<article class=\"elementor-post elementor-grid-item post-347 post type-post status-publish format-standard has-post-thumbnail hentry category-s1-news category-s2-newsflashes category-s11-noticias category-c60-ultimas-noticias\">\n\t\t\t<div class=\"elementor-post__card\">\n\t\t\t\t<a class=\"elementor-post__thumbnail__link\" href=\"https:\/\/jadan.gob.ec\/azuay\/avanzan-los-trabajos-del-asfalto-de-la-ultima-etapa-de-la-via-guangarcucho-jadan\/\">\n\t\t\t<div class=\"elementor-post__thumbnail\"><img loading=\"lazy\" decoding=\"async\" width=\"298\" height=\"300\" src=\"https:\/\/jadan.gob.ec\/azuay\/wp-content\/uploads\/2014\/11\/calles-jadan-298x300.png\" class=\"attachment-medium size-medium\" alt=\"\" srcset=\"https:\/\/jadan.gob.ec\/azuay\/wp-content\/uploads\/2014\/11\/calles-jadan-298x300.png 298w, https:\/\/jadan.gob.ec\/azuay\/wp-content\/uploads\/2014\/11\/calles-jadan-150x150.png 150w, https:\/\/jadan.gob.ec\/azuay\/wp-content\/uploads\/2014\/11\/calles-jadan.png 492w\" sizes=\"auto, (max-width: 298px) 100vw, 298px\" \/><\/div>\n\t\t<\/a>\n\t\t\t\t<div class=\"elementor-post__text\">\n\t\t\t\t<h3 class=\"elementor-post__title\">\n\t\t\t<a href=\"https:\/\/jadan.gob.ec\/azuay\/avanzan-los-trabajos-del-asfalto-de-la-ultima-etapa-de-la-via-guangarcucho-jadan\/\">\n\t\t\t\tAvanzan los trabajos del asfalto de la \u00faltima etapa de la v\u00eda Guangarcucho-Jad\u00e1n\t\t\t<\/a>\n\t\t<\/h3>\n\t\t\t\t<div class=\"elementor-post__excerpt\">\n\t\t\t<p>Vias del Centro Parroquial y del ultimo tramo faltante paraa llegar con el asfalto hasta el Cento Parroquial<\/p>\n\t\t<\/div>\n\t\t\t\t\t<a class=\"elementor-post__read-more\" href=\"https:\/\/jadan.gob.ec\/azuay\/avanzan-los-trabajos-del-asfalto-de-la-ultima-etapa-de-la-via-guangarcucho-jadan\/\">\n\t\t\t\tLeer m\u00e1s \u00bb\t\t\t<\/a>\n\t\t\t\t<\/div>\n\t\t\t\t\t<\/div>\n\t\t<\/article>\n\t\t\t\t<article class=\"elementor-post elementor-grid-item post-328 post type-post status-publish format-standard has-post-thumbnail hentry category-s1-news category-c60-ultimas-noticias tag-dreamy-roses tag-dreamyroses-com tag-jadan tag-llayzhatan tag-san-juanpamba tag-torrencial-lluvia\">\n\t\t\t<div class=\"elementor-post__card\">\n\t\t\t\t<a class=\"elementor-post__thumbnail__link\" href=\"https:\/\/jadan.gob.ec\/azuay\/torrencial-lluvia-causa-estragos-en-las-comunidades-de-la-parroquia-jadan\/\">\n\t\t\t<div class=\"elementor-post__thumbnail\"><img loading=\"lazy\" decoding=\"async\" width=\"300\" height=\"225\" src=\"https:\/\/jadan.gob.ec\/azuay\/wp-content\/uploads\/2014\/11\/dreammy-300x225.jpg\" class=\"attachment-medium size-medium\" alt=\"\" srcset=\"https:\/\/jadan.gob.ec\/azuay\/wp-content\/uploads\/2014\/11\/dreammy-300x225.jpg 300w, https:\/\/jadan.gob.ec\/azuay\/wp-content\/uploads\/2014\/11\/dreammy.jpg 960w\" sizes=\"auto, (max-width: 300px) 100vw, 300px\" \/><\/div>\n\t\t<\/a>\n\t\t\t\t<div class=\"elementor-post__text\">\n\t\t\t\t<h3 class=\"elementor-post__title\">\n\t\t\t<a href=\"https:\/\/jadan.gob.ec\/azuay\/torrencial-lluvia-causa-estragos-en-las-comunidades-de-la-parroquia-jadan\/\">\n\t\t\t\tTorrencial lluvia causa estragos en las Comunidades de la Parroquia Jad\u00e1n\t\t\t<\/a>\n\t\t<\/h3>\n\t\t\t\t<div class=\"elementor-post__excerpt\">\n\t\t\tFotograf\u00edas tomadas a tres horas despu\u00e9s de la llovizna y granizo. Via de Llayzhat\u00e1n, Monta\u00f1a de San Juanpamba. Las comunidades de San Juanpamba y Llayzhatan\t\t<\/div>\n\t\t\t\t\t<a class=\"elementor-post__read-more\" href=\"https:\/\/jadan.gob.ec\/azuay\/torrencial-lluvia-causa-estragos-en-las-comunidades-de-la-parroquia-jadan\/\">\n\t\t\t\tLeer m\u00e1s \u00bb\t\t\t<\/a>\n\t\t\t\t<\/div>\n\t\t\t\t\t<\/div>\n\t\t<\/article>\n\t\t\t\t<article class=\"elementor-post elementor-grid-item post-70 post type-post status-publish format-standard hentry category-sin-categoria\">\n\t\t\t<div class=\"elementor-post__card\">\n\t\t\t\t<div class=\"elementor-post__text\">\n\t\t\t\t<h3 class=\"elementor-post__title\">\n\t\t\t<a href=\"https:\/\/jadan.gob.ec\/azuay\/tabla-de-posiciones-sub-40\/\">\n\t\t\t\tMedios de Verificaci\u00f3n CPCCS\t\t\t<\/a>\n\t\t<\/h3>\n\t\t\t\t<div class=\"elementor-post__excerpt\">\n\t\t\t<p>RENDICION DE CUENTAS<\/p>\n\t\t<\/div>\n\t\t\t\t\t<a class=\"elementor-post__read-more\" href=\"https:\/\/jadan.gob.ec\/azuay\/tabla-de-posiciones-sub-40\/\">\n\t\t\t\tLeer m\u00e1s \u00bb\t\t\t<\/a>\n\t\t\t\t<\/div>\n\t\t\t\t\t<\/div>\n\t\t<\/article>\n\t\t\t\t<article class=\"elementor-post elementor-grid-item post-46 post type-post status-publish format-standard hentry category-sin-categoria\">\n\t\t\t<div class=\"elementor-post__card\">\n\t\t\t\t<div class=\"elementor-post__text\">\n\t\t\t\t<h3 class=\"elementor-post__title\">\n\t\t\t<a href=\"https:\/\/jadan.gob.ec\/azuay\/tabla-de-posiciones-sub-14\/\">\n\t\t\t\tRegistro de Firmas\t\t\t<\/a>\n\t\t<\/h3>\n\t\t\t\t<div class=\"elementor-post__excerpt\">\n\t\t\t\t\t<\/div>\n\t\t\t\t\t<a class=\"elementor-post__read-more\" href=\"https:\/\/jadan.gob.ec\/azuay\/tabla-de-posiciones-sub-14\/\">\n\t\t\t\tLeer m\u00e1s \u00bb\t\t\t<\/a>\n\t\t\t\t<\/div>\n\t\t\t\t\t<\/div>\n\t\t<\/article>\n\t\t\t\t<article class=\"elementor-post elementor-grid-item post-38 post type-post status-publish format-standard hentry category-sin-categoria\">\n\t\t\t<div class=\"elementor-post__card\">\n\t\t\t\t<div class=\"elementor-post__text\">\n\t\t\t\t<h3 class=\"elementor-post__title\">\n\t\t\t<a href=\"https:\/\/jadan.gob.ec\/azuay\/tabla-de-posiciones-damas\/\">\n\t\t\t\tRendici\u00f3n de Cuentas Aguarongo\t\t\t<\/a>\n\t\t<\/h3>\n\t\t\t\t<div class=\"elementor-post__excerpt\">\n\t\t\t\t\t<\/div>\n\t\t\t\t\t<a class=\"elementor-post__read-more\" href=\"https:\/\/jadan.gob.ec\/azuay\/tabla-de-posiciones-damas\/\">\n\t\t\t\tLeer m\u00e1s \u00bb\t\t\t<\/a>\n\t\t\t\t<\/div>\n\t\t\t\t\t<\/div>\n\t\t<\/article>\n\t\t\t\t<article class=\"elementor-post elementor-grid-item post-37 post type-post status-publish format-standard hentry category-sin-categoria\">\n\t\t\t<div class=\"elementor-post__card\">\n\t\t\t\t<div class=\"elementor-post__text\">\n\t\t\t\t<h3 class=\"elementor-post__title\">\n\t\t\t<a href=\"https:\/\/jadan.gob.ec\/azuay\/lotaip-aguarongo\/\">\n\t\t\t\tDocumentos LOTAIP Aguarongo 2014 &#8211; 2015\t\t\t<\/a>\n\t\t<\/h3>\n\t\t\t\t<div class=\"elementor-post__excerpt\">\n\t\t\t<p>Art. 7.- Difusi\u00f3n de la Informaci\u00f3n P\u00fablica.- Por la transparencia en la gesti\u00f3n administrativa que est\u00e1n obligadas a observar todas las instituciones del Estado que<\/p>\n\t\t<\/div>\n\t\t\t\t\t<a class=\"elementor-post__read-more\" href=\"https:\/\/jadan.gob.ec\/azuay\/lotaip-aguarongo\/\">\n\t\t\t\tLeer m\u00e1s \u00bb\t\t\t<\/a>\n\t\t\t\t<\/div>\n\t\t\t\t\t<\/div>\n\t\t<\/article>\n\t\t\t\t<\/div>\n\t\t\t\t<\/div>\n\t\t\t\t<\/div>\n\t\t\t\t\t\t<\/div>\n\t\t\t<\/div>\n\t\t<\/div>\n\t\t\t\t\t\t<\/div>\n\t\t\t<\/div>\n\t\t<\/section>\n\t\t\t\t\t\t<\/div>\n\t\t\t<\/div>\n\t\t<\/div>\n\t\t","protected":false},"excerpt":{"rendered":"Art. 7.- Difusi\u00f3n de la Informaci\u00f3n P\u00fablica.- Por la transparencia en la gesti\u00f3n administrativa que est\u00e1n obligadas a observar todas las instituciones del Estado que conforman el sector p\u00fablico en los t\u00e9rminos del art\u00edculo 118 de la Constituci\u00f3n Pol\u00edtica de la Rep\u00fablica y dem\u00e1s entes se\u00f1alados en el art\u00edculo 1 de la presente Ley, difundir\u00e1n [...]","protected":false},"author":1,"featured_media":0,"parent":0,"menu_order":0,"comment_status":"closed","ping_status":"closed","template":"","meta":{"footnotes":""},"yst_prominent_words":[],"class_list":["post-151860","page","type-page","status-publish","hentry"],"_links":{"self":[{"href":"https:\/\/jadan.gob.ec\/azuay\/wp-json\/wp\/v2\/pages\/151860","targetHints":{"allow":["GET"]}}],"collection":[{"href":"https:\/\/jadan.gob.ec\/azuay\/wp-json\/wp\/v2\/pages"}],"about":[{"href":"https:\/\/jadan.gob.ec\/azuay\/wp-json\/wp\/v2\/types\/page"}],"author":[{"embeddable":true,"href":"https:\/\/jadan.gob.ec\/azuay\/wp-json\/wp\/v2\/users\/1"}],"replies":[{"embeddable":true,"href":"https:\/\/jadan.gob.ec\/azuay\/wp-json\/wp\/v2\/comments?post=151860"}],"version-history":[{"count":2,"href":"https:\/\/jadan.gob.ec\/azuay\/wp-json\/wp\/v2\/pages\/151860\/revisions"}],"predecessor-version":[{"id":151862,"href":"https:\/\/jadan.gob.ec\/azuay\/wp-json\/wp\/v2\/pages\/151860\/revisions\/151862"}],"wp:attachment":[{"href":"https:\/\/jadan.gob.ec\/azuay\/wp-json\/wp\/v2\/media?parent=151860"}],"wp:term":[{"taxonomy":"yst_prominent_words","embeddable":true,"href":"https:\/\/jadan.gob.ec\/azuay\/wp-json\/wp\/v2\/yst_prominent_words?post=151860"}],"curies":[{"name":"wp","href":"https:\/\/api.w.org\/{rel}","templated":true}]}}